{"id":3,"date":"2023-04-12T14:51:18","date_gmt":"2023-04-12T12:51:18","guid":{"rendered":"https:\/\/www.secretrip.fr\/?page_id=3"},"modified":"2023-07-10T15:53:57","modified_gmt":"2023-07-10T13:53:57","slug":"privacy-policy","status":"publish","type":"page","link":"https:\/\/www.secretrip.com\/en\/politique-de-confidentialite\/","title":{"rendered":"Privacy policy"},"content":{"rendered":"\t\t<div data-elementor-type=\"wp-page\" data-elementor-id=\"3\" class=\"elementor elementor-3\" data-elementor-post-type=\"page\">\n\t\t\t\t<div class=\"elementor-element elementor-element-a22ef7d e-flex e-con-boxed e-con e-parent\" data-id=\"a22ef7d\" data-element_type=\"container\" data-e-type=\"container\">\n\t\t\t\t\t<div class=\"e-con-inner\">\n\t\t\t\t<div class=\"elementor-element elementor-element-80308bf elementor-widget elementor-widget-heading\" data-id=\"80308bf\" data-element_type=\"widget\" data-e-type=\"widget\" data-widget_type=\"heading.default\">\n\t\t\t\t<div class=\"elementor-widget-container\">\n\t\t\t\t\t<h1 class=\"elementor-heading-title elementor-size-default\">Politique<br>de confidentialit\u00e9<\/h1>\t\t\t\t<\/div>\n\t\t\t\t<\/div>\n\t\t\t\t\t<\/div>\n\t\t\t\t<\/div>\n\t\t<div class=\"elementor-element elementor-element-decc14d e-flex e-con-boxed e-con e-parent\" data-id=\"decc14d\" data-element_type=\"container\" data-e-type=\"container\">\n\t\t\t\t\t<div class=\"e-con-inner\">\n\t\t<div class=\"elementor-element elementor-element-a160b58 e-con-full e-flex e-con e-child\" data-id=\"a160b58\" data-element_type=\"container\" data-e-type=\"container\">\n\t\t<div class=\"elementor-element elementor-element-cfc4056 e-con-full e-flex e-con e-child\" data-id=\"cfc4056\" data-element_type=\"container\" data-e-type=\"container\">\n\t\t\t\t<div class=\"elementor-element elementor-element-0274dad elementor-widget elementor-widget-heading\" data-id=\"0274dad\" data-element_type=\"widget\" data-e-type=\"widget\" data-widget_type=\"heading.default\">\n\t\t\t\t<div class=\"elementor-widget-container\">\n\t\t\t\t\t<h2 class=\"elementor-heading-title elementor-size-default\">1. Protection de vos donn\u00e9es personnelles<\/h2>\t\t\t\t<\/div>\n\t\t\t\t<\/div>\n\t\t\t\t<div class=\"elementor-element elementor-element-af3e3cc elementor-widget-divider--separator-type-pattern elementor-widget-divider--view-line elementor-widget elementor-widget-divider\" data-id=\"af3e3cc\" data-element_type=\"widget\" data-e-type=\"widget\" data-widget_type=\"divider.default\">\n\t\t\t\t<div class=\"elementor-widget-container\">\n\t\t\t\t\t\t\t<div class=\"elementor-divider\" style=\"--divider-pattern-url: url(&quot;data:image\/svg+xml,%3Csvg xmlns=&#039;http:\/\/www.w3.org\/2000\/svg&#039; preserveAspectRatio=&#039;none&#039; overflow=&#039;visible&#039; height=&#039;100%&#039; viewBox=&#039;0 0 24 24&#039; fill=&#039;none&#039; stroke=&#039;black&#039; stroke-width=&#039;6&#039; stroke-linecap=&#039;square&#039; stroke-miterlimit=&#039;10&#039;%3E%3Cpath d=&#039;M0,6c6,0,6,13,12,13S18,6,24,6&#039;\/%3E%3C\/svg%3E&quot;);\">\n\t\t\t<span class=\"elementor-divider-separator\">\n\t\t\t\t\t\t<\/span>\n\t\t<\/div>\n\t\t\t\t\t\t<\/div>\n\t\t\t\t<\/div>\n\t\t\t\t<div class=\"elementor-element elementor-element-11a38b7 elementor-widget elementor-widget-text-editor\" data-id=\"11a38b7\" data-element_type=\"widget\" data-e-type=\"widget\" data-widget_type=\"text-editor.default\">\n\t\t\t\t<div class=\"elementor-widget-container\">\n\t\t\t\t\t\t\t\t\t<p>Dans le cadre de l\u2019utilisation des services accessibles sur ses sites internet, SECRETRIP est susceptible de collecter et traiter des donn\u00e9es \u00e0 caract\u00e8re personnel vous concernant. SECRETRIP, est attach\u00e9e au respect des r\u00e8gles de protection de la vie priv\u00e9e de ses clients, prospects et visiteurs de ses sites internet, mobiles et applications mobiles. <br \/><br \/>L\u2019ensemble des traitements de donn\u00e9es personnelles mis en \u0153uvre dans le cadre des services accessibles respecte, non seulement la l\u00e9gislation locale mais \u00e9galement les dispositions de la loi \u00ab informatique et libert\u00e9s \u00bb du 6 janvier 1978 modifi\u00e9e et le r\u00e8glement g\u00e9n\u00e9ral sur la protection des donn\u00e9es (RGPD), nouveau r\u00e8glement europ\u00e9en, sur la protection des donn\u00e9es personnelles, paru au journal officiel le 27 avril 2016 et en vigueur au 25 mai 2018.<\/p>\t\t\t\t\t\t\t\t<\/div>\n\t\t\t\t<\/div>\n\t\t\t\t<\/div>\n\t\t<div class=\"elementor-element elementor-element-9fff1a4 e-con-full e-flex e-con e-child\" data-id=\"9fff1a4\" data-element_type=\"container\" data-e-type=\"container\">\n\t\t\t\t<div class=\"elementor-element elementor-element-ccefb08 elementor-widget elementor-widget-heading\" data-id=\"ccefb08\" data-element_type=\"widget\" data-e-type=\"widget\" data-widget_type=\"heading.default\">\n\t\t\t\t<div class=\"elementor-widget-container\">\n\t\t\t\t\t<h2 class=\"elementor-heading-title elementor-size-default\">2. A quoi servent les donn\u00e9es susceptibles d\u2019\u00eatre collect\u00e9es par nous ?<\/h2>\t\t\t\t<\/div>\n\t\t\t\t<\/div>\n\t\t\t\t<div class=\"elementor-element elementor-element-7fbcfe5 elementor-widget-divider--separator-type-pattern elementor-widget-divider--view-line elementor-widget elementor-widget-divider\" data-id=\"7fbcfe5\" data-element_type=\"widget\" data-e-type=\"widget\" data-widget_type=\"divider.default\">\n\t\t\t\t<div class=\"elementor-widget-container\">\n\t\t\t\t\t\t\t<div class=\"elementor-divider\" style=\"--divider-pattern-url: url(&quot;data:image\/svg+xml,%3Csvg xmlns=&#039;http:\/\/www.w3.org\/2000\/svg&#039; preserveAspectRatio=&#039;none&#039; overflow=&#039;visible&#039; height=&#039;100%&#039; viewBox=&#039;0 0 24 24&#039; fill=&#039;none&#039; stroke=&#039;black&#039; stroke-width=&#039;6&#039; stroke-linecap=&#039;square&#039; stroke-miterlimit=&#039;10&#039;%3E%3Cpath d=&#039;M0,6c6,0,6,13,12,13S18,6,24,6&#039;\/%3E%3C\/svg%3E&quot;);\">\n\t\t\t<span class=\"elementor-divider-separator\">\n\t\t\t\t\t\t<\/span>\n\t\t<\/div>\n\t\t\t\t\t\t<\/div>\n\t\t\t\t<\/div>\n\t\t\t\t<div class=\"elementor-element elementor-element-618e49a elementor-widget elementor-widget-text-editor\" data-id=\"618e49a\" data-element_type=\"widget\" data-e-type=\"widget\" data-widget_type=\"text-editor.default\">\n\t\t\t\t<div class=\"elementor-widget-container\">\n\t\t\t\t\t\t\t\t\t<p>Les donn\u00e9es personnelles que vous \u00eates susceptible de nous communiquer sur nos sites web ou lorsque vous avez un contact avec SECRETRIP, sont principalement utilis\u00e9es \u00e0 des fins d\u2019obtention de compl\u00e9ments d\u2019information sur nos services, d\u2019inscription \u00e0 l\u2019un de nos \u00e9v\u00e9nements, de prospection, de fid\u00e9lisation, d\u2019animation, d\u2019information commerciale, d\u2019enqu\u00eates, d\u2019\u00e9tudes statistiques. <br \/><br \/>Vos donn\u00e9es peuvent aussi \u00eatre analys\u00e9es pour faire correspondre au mieux nos informations, nos notifications, nos offres et autres formes de services \u00e0 vos int\u00e9r\u00eats.<\/p>\t\t\t\t\t\t\t\t<\/div>\n\t\t\t\t<\/div>\n\t\t\t\t<\/div>\n\t\t<div class=\"elementor-element elementor-element-9fd7a38 e-con-full e-flex e-con e-child\" data-id=\"9fd7a38\" data-element_type=\"container\" data-e-type=\"container\">\n\t\t\t\t<div class=\"elementor-element elementor-element-439c065 elementor-widget elementor-widget-heading\" data-id=\"439c065\" data-element_type=\"widget\" data-e-type=\"widget\" data-widget_type=\"heading.default\">\n\t\t\t\t<div class=\"elementor-widget-container\">\n\t\t\t\t\t<h2 class=\"elementor-heading-title elementor-size-default\">3. Qui est susceptible d\u2019acc\u00e9der \u00e0 vos donn\u00e9es personnelles ?<\/h2>\t\t\t\t<\/div>\n\t\t\t\t<\/div>\n\t\t\t\t<div class=\"elementor-element elementor-element-f279c05 elementor-widget-divider--separator-type-pattern elementor-widget-divider--view-line elementor-widget elementor-widget-divider\" data-id=\"f279c05\" data-element_type=\"widget\" data-e-type=\"widget\" data-widget_type=\"divider.default\">\n\t\t\t\t<div class=\"elementor-widget-container\">\n\t\t\t\t\t\t\t<div class=\"elementor-divider\" style=\"--divider-pattern-url: url(&quot;data:image\/svg+xml,%3Csvg xmlns=&#039;http:\/\/www.w3.org\/2000\/svg&#039; preserveAspectRatio=&#039;none&#039; overflow=&#039;visible&#039; height=&#039;100%&#039; viewBox=&#039;0 0 24 24&#039; fill=&#039;none&#039; stroke=&#039;black&#039; stroke-width=&#039;6&#039; stroke-linecap=&#039;square&#039; stroke-miterlimit=&#039;10&#039;%3E%3Cpath d=&#039;M0,6c6,0,6,13,12,13S18,6,24,6&#039;\/%3E%3C\/svg%3E&quot;);\">\n\t\t\t<span class=\"elementor-divider-separator\">\n\t\t\t\t\t\t<\/span>\n\t\t<\/div>\n\t\t\t\t\t\t<\/div>\n\t\t\t\t<\/div>\n\t\t\t\t<div class=\"elementor-element elementor-element-467d51e elementor-widget elementor-widget-text-editor\" data-id=\"467d51e\" data-element_type=\"widget\" data-e-type=\"widget\" data-widget_type=\"text-editor.default\">\n\t\t\t\t<div class=\"elementor-widget-container\">\n\t\t\t\t\t\t\t\t\t<p>Les donn\u00e9es collect\u00e9es sur les sites internet de SECRETRIP, ses sites mobiles et ses applications mobiles, ou lorsque vous avez un contact avec SECRETRIP, sont susceptibles d\u2019\u00eatre communiqu\u00e9es au personnel habilit\u00e9 de SECRETRIP.<br \/><br \/>SECRETRIP peut partager les donn\u00e9es relatives \u00e0 ses clients ou prospects avec ses filiales \u00e0 des fins de collaboration. Par exemple, SECRETRIP peut avoir besoin de partager des donn\u00e9es relatives aux clients dans le cadre de la gestion de la relation client. <br \/><br \/>SECRETRIP demande \u00e0 ses prestataires de mettre en place des mesures strictes de confidentialit\u00e9 et de protection de ces donn\u00e9es.<\/p>\t\t\t\t\t\t\t\t<\/div>\n\t\t\t\t<\/div>\n\t\t\t\t<\/div>\n\t\t<div class=\"elementor-element elementor-element-76c473e e-con-full e-flex e-con e-child\" data-id=\"76c473e\" data-element_type=\"container\" data-e-type=\"container\">\n\t\t\t\t<div class=\"elementor-element elementor-element-0ef6cb9 elementor-widget elementor-widget-heading\" data-id=\"0ef6cb9\" data-element_type=\"widget\" data-e-type=\"widget\" data-widget_type=\"heading.default\">\n\t\t\t\t<div class=\"elementor-widget-container\">\n\t\t\t\t\t<h2 class=\"elementor-heading-title elementor-size-default\">4. Comment exercer vos droits ?<\/h2>\t\t\t\t<\/div>\n\t\t\t\t<\/div>\n\t\t\t\t<div class=\"elementor-element elementor-element-6b5ebc2 elementor-widget-divider--separator-type-pattern elementor-widget-divider--view-line elementor-widget elementor-widget-divider\" data-id=\"6b5ebc2\" data-element_type=\"widget\" data-e-type=\"widget\" data-widget_type=\"divider.default\">\n\t\t\t\t<div class=\"elementor-widget-container\">\n\t\t\t\t\t\t\t<div class=\"elementor-divider\" style=\"--divider-pattern-url: url(&quot;data:image\/svg+xml,%3Csvg xmlns=&#039;http:\/\/www.w3.org\/2000\/svg&#039; preserveAspectRatio=&#039;none&#039; overflow=&#039;visible&#039; height=&#039;100%&#039; viewBox=&#039;0 0 24 24&#039; fill=&#039;none&#039; stroke=&#039;black&#039; stroke-width=&#039;6&#039; stroke-linecap=&#039;square&#039; stroke-miterlimit=&#039;10&#039;%3E%3Cpath d=&#039;M0,6c6,0,6,13,12,13S18,6,24,6&#039;\/%3E%3C\/svg%3E&quot;);\">\n\t\t\t<span class=\"elementor-divider-separator\">\n\t\t\t\t\t\t<\/span>\n\t\t<\/div>\n\t\t\t\t\t\t<\/div>\n\t\t\t\t<\/div>\n\t\t\t\t<div class=\"elementor-element elementor-element-8e1fa5d elementor-widget elementor-widget-text-editor\" data-id=\"8e1fa5d\" data-element_type=\"widget\" data-e-type=\"widget\" data-widget_type=\"text-editor.default\">\n\t\t\t\t<div class=\"elementor-widget-container\">\n\t\t\t\t\t\t\t\t\t<p>En application du r\u00e8glement g\u00e9n\u00e9ral sur la protection des donn\u00e9es (RGPD), vous disposez de droits d\u2019acc\u00e8s, de rectification, de suppression ou d\u2019opposition sur les donn\u00e9es vous concernant. Ces droits s\u2019exercent par courrier \u00e0 l\u2019adresse suivante :<\/p>\n<p>SECRETRIP &#8211; 3 ALL\u00c9E DU PRESSOIR &#8211; 83400 HY\u00c8RES.<\/p>\n<p>Sauf opposition de votre part exprim\u00e9e lors de la collecte de vos donn\u00e9es ou ult\u00e9rieurement, SECRETRIP se r\u00e9serve la possibilit\u00e9 d\u2019utiliser vos donn\u00e9es afin de vous adresser des offres commerciales adapt\u00e9es. Lorsque la loi l\u2019exige, vos donn\u00e9es ne seront utilis\u00e9es \u00e0 des fins de prospection par voie \u00e9lectronique qu\u2019apr\u00e8s avoir recueilli votre accord explicite. Ce dernier peut \u00eatre r\u00e9voqu\u00e9 \u00e0 tout moment sur simple demande de votre part.<\/p>\n<p>Si vous ne souhaitez plus recevoir la lettre d\u2019information \u00e9lectronique SECRETRIP par e-mail, vous pouvez cliquer sur le lien de d\u00e9sinscription situ\u00e9 en bas de chaque communication. En cas d\u2019utilisation partag\u00e9e d\u2019un ordinateur, d\u2019un mobile par plusieurs personnes ou d\u2019une d\u00e9l\u00e9gation d\u2019action, il est possible que la(les) personne(s) inscrite(s) \u00e0 nos newsletters ou \u00e0 nos \u00e9v\u00e8nements ne soit pas la personne qui a effectu\u00e9 la recherche et les inscriptions sur le site de SECRETRIP. Vous pouvez dans ce cas exercer vos droits de rectification, de suppression ou d\u2019opposition sur les donn\u00e9es vous concernant.<\/p>\n<p>La collecte de certaines donn\u00e9es personnelles est indispensable pour permettre l\u2019acc\u00e8s \u00e0 certains services ou prestations. Vous pouvez naturellement exercer votre droit d\u2019opposition \u00e0 la collecte et au traitement de ces donn\u00e9es mais cette d\u00e9marche peut entra\u00eener l\u2019impossibilit\u00e9 de b\u00e9n\u00e9ficier de ces services ou prestations.<\/p>\t\t\t\t\t\t\t\t<\/div>\n\t\t\t\t<\/div>\n\t\t\t\t<\/div>\n\t\t\t\t<\/div>\n\t\t<div class=\"elementor-element elementor-element-b4026d5 e-con-full e-flex e-con e-child\" data-id=\"b4026d5\" data-element_type=\"container\" data-e-type=\"container\" data-settings=\"{&quot;sticky&quot;:&quot;top&quot;,&quot;sticky_on&quot;:[&quot;desktop&quot;,&quot;tablet&quot;],&quot;sticky_parent&quot;:&quot;yes&quot;,&quot;sticky_offset&quot;:0,&quot;sticky_effects_offset&quot;:0,&quot;sticky_anchor_link_offset&quot;:0}\">\n\t\t<div class=\"elementor-element elementor-element-e10a0e6 e-con-full e-flex e-con e-child\" data-id=\"e10a0e6\" data-element_type=\"container\" data-e-type=\"container\">\n\t\t\t\t<div class=\"elementor-element elementor-element-bf563dd elementor-widget elementor-widget-heading\" data-id=\"bf563dd\" data-element_type=\"widget\" data-e-type=\"widget\" data-widget_type=\"heading.default\">\n\t\t\t\t<div class=\"elementor-widget-container\">\n\t\t\t\t\t<h2 class=\"elementor-heading-title elementor-size-default\">5. Cookies<\/h2>\t\t\t\t<\/div>\n\t\t\t\t<\/div>\n\t\t\t\t<div class=\"elementor-element elementor-element-4376c03 elementor-widget-divider--separator-type-pattern elementor-widget-divider--view-line elementor-widget elementor-widget-divider\" data-id=\"4376c03\" data-element_type=\"widget\" data-e-type=\"widget\" data-widget_type=\"divider.default\">\n\t\t\t\t<div class=\"elementor-widget-container\">\n\t\t\t\t\t\t\t<div class=\"elementor-divider\" style=\"--divider-pattern-url: url(&quot;data:image\/svg+xml,%3Csvg xmlns=&#039;http:\/\/www.w3.org\/2000\/svg&#039; preserveAspectRatio=&#039;none&#039; overflow=&#039;visible&#039; height=&#039;100%&#039; viewBox=&#039;0 0 24 24&#039; fill=&#039;none&#039; stroke=&#039;black&#039; stroke-width=&#039;6&#039; stroke-linecap=&#039;square&#039; stroke-miterlimit=&#039;10&#039;%3E%3Cpath d=&#039;M0,6c6,0,6,13,12,13S18,6,24,6&#039;\/%3E%3C\/svg%3E&quot;);\">\n\t\t\t<span class=\"elementor-divider-separator\">\n\t\t\t\t\t\t<\/span>\n\t\t<\/div>\n\t\t\t\t\t\t<\/div>\n\t\t\t\t<\/div>\n\t\t\t\t<div class=\"elementor-element elementor-element-afd948a elementor-widget elementor-widget-text-editor\" data-id=\"afd948a\" data-element_type=\"widget\" data-e-type=\"widget\" data-widget_type=\"text-editor.default\">\n\t\t\t\t<div class=\"elementor-widget-container\">\n\t\t\t\t\t\t\t\t\t<p>Afin d\u2019am\u00e9liorer constamment la qualit\u00e9 des services propos\u00e9s sur son site et leur ad\u00e9quation avec vos attentes, SECRETRIP est susceptible d\u2019utiliser des \u00ab cookies \u00bb, fichiers texte servant \u00e0 identifier votre terminal lorsque vous vous connectez \u00e0 l\u2019un de nos services.<\/p>\n<p>En acc\u00e9dant au site internet de SECRETRIP, \u00e0 ses sites mobiles ou \u00e0 ses applications mobiles, vous reconnaissez avoir pris connaissance de l\u2019information qui vous est fournie concernant la finalit\u00e9 de toute action tendant \u00e0 acc\u00e9der, par voie de transmission \u00e9lectronique, \u00e0 des informations d\u00e9j\u00e0 stock\u00e9es dans votre \u00e9quipement (terminal de communications \u00e9lectroniques), ou \u00e0 inscrire des informations dans cet \u00e9quipement (cookies) ainsi que des moyens dont vous disposez pour vous y opposer. Vous reconnaissez que le param\u00e9trage appropri\u00e9 de votre navigateur internet constitue l\u2019expression de votre accord \u00e0 l\u2019impl\u00e9mentation et l\u2019utilisation de cookies.<br \/><br \/>Vous pouvez consulter le d\u00e9tail des cookies sur <a href=\"\/politique-de-cookies-ue\/\">cette page<\/a>.<\/p>\t\t\t\t\t\t\t\t<\/div>\n\t\t\t\t<\/div>\n\t\t\t\t<\/div>\n\t\t<div class=\"elementor-element elementor-element-c43ab85 e-con-full e-flex e-con e-child\" data-id=\"c43ab85\" data-element_type=\"container\" data-e-type=\"container\">\n\t\t\t\t<div class=\"elementor-element elementor-element-4fcf924 elementor-widget elementor-widget-heading\" data-id=\"4fcf924\" data-element_type=\"widget\" data-e-type=\"widget\" data-widget_type=\"heading.default\">\n\t\t\t\t<div class=\"elementor-widget-container\">\n\t\t\t\t\t<h2 class=\"elementor-heading-title elementor-size-default\">6. Propri\u00e9t\u00e9 intellectuelle<\/h2>\t\t\t\t<\/div>\n\t\t\t\t<\/div>\n\t\t\t\t<div class=\"elementor-element elementor-element-b6d8307 elementor-widget-divider--separator-type-pattern elementor-widget-divider--view-line elementor-widget elementor-widget-divider\" data-id=\"b6d8307\" data-element_type=\"widget\" data-e-type=\"widget\" data-widget_type=\"divider.default\">\n\t\t\t\t<div class=\"elementor-widget-container\">\n\t\t\t\t\t\t\t<div class=\"elementor-divider\" style=\"--divider-pattern-url: url(&quot;data:image\/svg+xml,%3Csvg xmlns=&#039;http:\/\/www.w3.org\/2000\/svg&#039; preserveAspectRatio=&#039;none&#039; overflow=&#039;visible&#039; height=&#039;100%&#039; viewBox=&#039;0 0 24 24&#039; fill=&#039;none&#039; stroke=&#039;black&#039; stroke-width=&#039;6&#039; stroke-linecap=&#039;square&#039; stroke-miterlimit=&#039;10&#039;%3E%3Cpath d=&#039;M0,6c6,0,6,13,12,13S18,6,24,6&#039;\/%3E%3C\/svg%3E&quot;);\">\n\t\t\t<span class=\"elementor-divider-separator\">\n\t\t\t\t\t\t<\/span>\n\t\t<\/div>\n\t\t\t\t\t\t<\/div>\n\t\t\t\t<\/div>\n\t\t\t\t<div class=\"elementor-element elementor-element-45f5b57 elementor-widget elementor-widget-text-editor\" data-id=\"45f5b57\" data-element_type=\"widget\" data-e-type=\"widget\" data-widget_type=\"text-editor.default\">\n\t\t\t\t<div class=\"elementor-widget-container\">\n\t\t\t\t\t\t\t\t\t<h3>Auteurs<\/h3><p>Toute personne physique ayant cr\u00e9\u00e9 des \u00e9l\u00e9ments pr\u00e9sents sur ce site, notamment auteurs des textes, graphistes, maquettistes et concepteurs de l&rsquo;arborescence.<\/p><h3>Producteur<\/h3><p>Propri\u00e9taire du site conform\u00e9ment \u00e0 l&rsquo;article L 341-1 alin\u00e9a 1 du code de la propri\u00e9t\u00e9 intellectuelle. SECRETRIP est producteur du site c&rsquo;est-\u00e0-dire de l&rsquo;ensemble des pages accessibles sous le nom de domaine www.secretrip.com,\u00a0 www.thesecretrip.com, www.secretrip.fr et www.secretrip.pro<\/p><h3>Informatique et libert\u00e9s<\/h3><p>En conformit\u00e9 avec les dispositions de la loi du 06\/01\/1978, ce site a fait l\u2019objet d\u2019une d\u00e9claration pr\u00e9alable aupr\u00e8s de la Commission Nationale de l\u2019Informatique et des Libert\u00e9s (CNIL).<\/p><p>Conform\u00e9ment \u00e0 l\u2019article 34 de la loi n\u00b078-17 du 6 janvier 1978 relative \u00e0 l\u2019informatique, aux fichiers et aux libert\u00e9s, vous disposez d\u2019un droit d\u2019acc\u00e8s de rectification et de suppression des donn\u00e9es vous concernant. Vous pouvez exercer ce droit en \u00e9crivant \u00e0 :<\/p><p>SECRETRIP<br \/>3 ALL\u00c9E DU PRESSOIR &#8211; 83400 HY\u00c8RES<br \/>contact@secretrip.fr<\/p><h3>Droits de propri\u00e9t\u00e9 intellectuelle sur le site<\/h3><p>L&rsquo;int\u00e9gralit\u00e9 du site se d\u00e9finit comme une base de donn\u00e9es au sens de la directive du 11 mars 1996 et de sa transposition en droit fran\u00e7ais dans la loi du 1er juillet 1998 (article L 341-1 et suivants du code de propri\u00e9t\u00e9 intellectuelle).<\/p><h3>Conditions d&rsquo;utilisation<\/h3><p>Toute utilisation ou extraction d&rsquo;\u00e9l\u00e9ments du site non autoris\u00e9e par le producteur est illicite et sanctionn\u00e9 p\u00e9nalement par le d\u00e9lit de contrefa\u00e7on.<\/p><p>Toute exploitation, m\u00eame \u00e0 titre priv\u00e9, de la totalit\u00e9 ou d&rsquo;une partie substantielle du site suppose l&rsquo;accord du directeur de la publication conform\u00e9ment aux dispositions.<\/p><p>Tout manquement aux r\u00e8gles du droit d&rsquo;auteur ou du droit des bases de donn\u00e9es est passible de sanctions p\u00e9nales au titre du d\u00e9lit de contrefa\u00e7on, sans pr\u00e9judice d&rsquo;\u00e9ventuelles demandes de dommages et int\u00e9r\u00eats de la part des titulaires de droits.<\/p>\t\t\t\t\t\t\t\t<\/div>\n\t\t\t\t<\/div>\n\t\t\t\t<\/div>\n\t\t\t\t<\/div>\n\t\t\t\t\t<\/div>\n\t\t\t\t<\/div>\n\t\t\t\t<\/div>\n\t\t","protected":false},"excerpt":{"rendered":"<p>Politiquede confidentialit\u00e9 1. Protection de vos donn\u00e9es personnelles Dans le cadre de l\u2019utilisation des services accessibles sur ses sites internet, SECRETRIP est susceptible de collecter et traiter des donn\u00e9es \u00e0 caract\u00e8re personnel vous concernant. SECRETRIP, est attach\u00e9e au respect des r\u00e8gles de protection de la vie priv\u00e9e de ses clients, prospects et visiteurs de ses [&hellip;]<\/p>\n","protected":false},"author":1,"featured_media":6082,"parent":0,"menu_order":0,"comment_status":"closed","ping_status":"open","template":"","meta":{"_acf_changed":false,"footnotes":""},"folder":[115],"class_list":["post-3","page","type-page","status-publish","has-post-thumbnail","hentry"],"acf":[],"_links":{"self":[{"href":"https:\/\/www.secretrip.com\/en\/wp-json\/wp\/v2\/pages\/3","targetHints":{"allow":["GET"]}}],"collection":[{"href":"https:\/\/www.secretrip.com\/en\/wp-json\/wp\/v2\/pages"}],"about":[{"href":"https:\/\/www.secretrip.com\/en\/wp-json\/wp\/v2\/types\/page"}],"author":[{"embeddable":true,"href":"https:\/\/www.secretrip.com\/en\/wp-json\/wp\/v2\/users\/1"}],"replies":[{"embeddable":true,"href":"https:\/\/www.secretrip.com\/en\/wp-json\/wp\/v2\/comments?post=3"}],"version-history":[{"count":0,"href":"https:\/\/www.secretrip.com\/en\/wp-json\/wp\/v2\/pages\/3\/revisions"}],"wp:featuredmedia":[{"embeddable":true,"href":"https:\/\/www.secretrip.com\/en\/wp-json\/wp\/v2\/media\/6082"}],"wp:attachment":[{"href":"https:\/\/www.secretrip.com\/en\/wp-json\/wp\/v2\/media?parent=3"}],"wp:term":[{"taxonomy":"folder","embeddable":true,"href":"https:\/\/www.secretrip.com\/en\/wp-json\/wp\/v2\/folder?post=3"}],"curies":[{"name":"wp","href":"https:\/\/api.w.org\/{rel}","templated":true}]}}