{"id":13042,"date":"2025-03-27T14:23:42","date_gmt":"2025-03-27T13:23:42","guid":{"rendered":"https:\/\/www.secretrip.com\/?page_id=13042"},"modified":"2026-02-07T14:35:18","modified_gmt":"2026-02-07T13:35:18","slug":"our-boats","status":"publish","type":"page","link":"https:\/\/www.secretrip.com\/en\/nos-bateaux\/","title":{"rendered":"Our boats"},"content":{"rendered":"<div data-elementor-type=\"wp-page\" data-elementor-id=\"13042\" class=\"elementor elementor-13042\" data-elementor-post-type=\"page\">\n\t\t\t\t<div class=\"elementor-element elementor-element-abdf2eb e-flex e-con-boxed e-con e-parent\" data-id=\"abdf2eb\" data-element_type=\"container\" data-e-type=\"container\">\n\t\t\t\t\t<div class=\"e-con-inner\">\n\t\t\t\t\t<\/div>\n\t\t\t\t<\/div>\n\t\t<div class=\"elementor-element elementor-element-6e39d84 e-flex e-con-boxed e-con e-parent\" data-id=\"6e39d84\" data-element_type=\"container\" data-e-type=\"container\">\n\t\t\t\t\t<div class=\"e-con-inner\">\n\t\t\t\t<div class=\"elementor-element elementor-element-7b3fd57 elementor-widget elementor-widget-heading\" data-id=\"7b3fd57\" data-element_type=\"widget\" data-e-type=\"widget\" data-widget_type=\"heading.default\">\n\t\t\t\t<div class=\"elementor-widget-container\">\n\t\t\t\t\t<h2 class=\"elementor-heading-title elementor-size-default\"><font color=\"#ff9292\" face=\"Bourton Hand, sans-serif\"><span style=\"font-size: 36px;font-weight: 500;letter-spacing: normal\">OUR BOATS<\/span><\/font><\/h2>\t\t\t\t<\/div>\n\t\t\t\t<\/div>\n\t\t\t\t\t<\/div>\n\t\t\t\t<\/div>\n\t\t<div class=\"elementor-element elementor-element-b25530c e-flex e-con-boxed e-con e-parent\" data-id=\"b25530c\" data-element_type=\"container\" data-e-type=\"container\">\n\t\t\t\t\t<div class=\"e-con-inner\">\n\t\t\t\t<div class=\"elementor-element elementor-element-cd01875 elementor-widget-divider--separator-type-pattern elementor-widget-divider--view-line elementor-widget elementor-widget-divider\" data-id=\"cd01875\" data-element_type=\"widget\" data-e-type=\"widget\" data-widget_type=\"divider.default\">\n\t\t\t\t<div class=\"elementor-widget-container\">\n\t\t\t\t\t\t\t<div class=\"elementor-divider\" style=\"--divider-pattern-url: url(&quot;data:image\/svg+xml,%3Csvg xmlns=&#039;http:\/\/www.w3.org\/2000\/svg&#039; preserveAspectRatio=&#039;none&#039; overflow=&#039;visible&#039; height=&#039;100%&#039; viewBox=&#039;0 0 24 24&#039; fill=&#039;none&#039; stroke=&#039;black&#039; stroke-width=&#039;2&#039; stroke-linecap=&#039;square&#039; stroke-miterlimit=&#039;10&#039;%3E%3Cpath d=&#039;M0,6c6,0,6,13,12,13S18,6,24,6&#039;\/%3E%3C\/svg%3E&quot;);\">\n\t\t\t<span class=\"elementor-divider-separator\">\n\t\t\t\t\t\t<\/span>\n\t\t<\/div>\n\t\t\t\t\t\t<\/div>\n\t\t\t\t<\/div>\n\t\t\t\t\t<\/div>\n\t\t\t\t<\/div>\n\t\t<div class=\"elementor-element elementor-element-e113dac e-flex e-con-boxed e-con e-parent\" data-id=\"e113dac\" data-element_type=\"container\" data-e-type=\"container\">\n\t\t\t\t\t<div class=\"e-con-inner\">\n\t\t<div class=\"elementor-element elementor-element-d5d0b12 e-con-full e-flex e-con e-child\" data-id=\"d5d0b12\" data-element_type=\"container\" data-e-type=\"container\">\n\t\t<div class=\"elementor-element elementor-element-5d31663 e-con-full e-flex e-con e-child\" data-id=\"5d31663\" data-element_type=\"container\" data-e-type=\"container\">\n\t\t\t\t<div class=\"elementor-element elementor-element-f8ecf34 elementor-widget elementor-widget-heading\" data-id=\"f8ecf34\" data-element_type=\"widget\" data-e-type=\"widget\" data-widget_type=\"heading.default\">\n\t\t\t\t<div class=\"elementor-widget-container\">\n\t\t\t\t\t<h2 class=\"elementor-heading-title elementor-size-default\"><div style=\"text-align: right\"><span class=\"elementor-heading-title elementor-size-default elementor-inline-editing pen\" data-elementor-setting-key=\"title\" data-pen-placeholder=\"\u00c9crivez ici...\" style=\"line-height: 30px;text-align: start\"><span data-elementor-setting-key=\"title\" data-pen-placeholder=\"\u00c9crivez ici...\" style=\"line-height: 30px\"><span style=\", sans-serif;font-size: 36px\">CLUBMAN 28 MANAVA<\/span><\/span><\/span><\/div><\/h2>\t\t\t\t<\/div>\n\t\t\t\t<\/div>\n\t\t\t\t<\/div>\n\t\t<div class=\"elementor-element elementor-element-953f519 e-con-full e-flex e-con e-child\" data-id=\"953f519\" data-element_type=\"container\" data-e-type=\"container\">\n\t\t\t\t<div class=\"elementor-element elementor-element-262c3c9 elementor-widget elementor-widget-text-editor\" data-id=\"262c3c9\" data-element_type=\"widget\" data-e-type=\"widget\" data-widget_type=\"text-editor.default\">\n\t\t\t\t<div class=\"elementor-widget-container\">\n\t\t\t\t\t\t\t\t\t<p>Our Clubman 28 RIBs from Joker Boat promise exceptional cruising comfort and quality interior fittings:<\/p><ul><li>Two spacious solariums that can be transformed into a dining area for 10 people.<\/li><li>A sun awning will provide welcome shade during the hottest part of the day.<\/li><li>The plancha and fridge allow us to prepare exceptional aperitifs while you enjoy the crystal-clear waters.<\/li><li>The stern of the boat has two bathing platforms with showerheads.<\/li><li>A small cubicle is available for you to change in complete privacy.<\/li><\/ul><p>So you can make the most of your trip to Porquerolles on a private boat!<\/p>\t\t\t\t\t\t\t\t<\/div>\n\t\t\t\t<\/div>\n\t\t\t\t<\/div>\n\t\t\t\t<\/div>\n\t\t\t\t\t<\/div>\n\t\t\t\t<\/div>\n\t\t<div class=\"elementor-element elementor-element-0723959 e-grid e-con-boxed e-con e-parent\" data-id=\"0723959\" data-element_type=\"container\" data-e-type=\"container\">\n\t\t\t\t\t<div class=\"e-con-inner\">\n\t\t\t\t<div class=\"elementor-element elementor-element-063311a elementor-widget elementor-widget-image\" data-id=\"063311a\" data-element_type=\"widget\" data-e-type=\"widget\" data-widget_type=\"image.default\">\n\t\t\t\t<div class=\"elementor-widget-container\">\n\t\t\t\t\t\t\t\t\t\t\t\t\t\t\t<img fetchpriority=\"high\" decoding=\"async\" width=\"1440\" height=\"810\" src=\"https:\/\/www.secretrip.com\/wp-content\/uploads\/2025\/03\/65c9f0a31d09c-l.jpeg\" class=\"attachment-2048x2048 size-2048x2048 wp-image-13071\" alt=\"\" srcset=\"https:\/\/www.secretrip.com\/wp-content\/uploads\/2025\/03\/65c9f0a31d09c-l.jpeg 1440w, https:\/\/www.secretrip.com\/wp-content\/uploads\/2025\/03\/65c9f0a31d09c-l-300x169.jpeg 300w, https:\/\/www.secretrip.com\/wp-content\/uploads\/2025\/03\/65c9f0a31d09c-l-1024x576.jpeg 1024w, https:\/\/www.secretrip.com\/wp-content\/uploads\/2025\/03\/65c9f0a31d09c-l-768x432.jpeg 768w, https:\/\/www.secretrip.com\/wp-content\/uploads\/2025\/03\/65c9f0a31d09c-l-18x10.jpeg 18w\" sizes=\"(max-width: 1440px) 100vw, 1440px\">\t\t\t\t\t\t\t\t\t\t\t\t\t\t\t<\/div>\n\t\t\t\t<\/div>\n\t\t\t\t<div class=\"elementor-element elementor-element-3ad4aca elementor-widget elementor-widget-image\" data-id=\"3ad4aca\" data-element_type=\"widget\" data-e-type=\"widget\" data-widget_type=\"image.default\">\n\t\t\t\t<div class=\"elementor-widget-container\">\n\t\t\t\t\t\t\t\t\t\t\t\t\t\t\t<img decoding=\"async\" width=\"800\" height=\"456\" src=\"https:\/\/www.secretrip.com\/wp-content\/uploads\/2024\/04\/secretrip-bateau-moteur-yacht-07.jpg\" class=\"attachment-large size-large wp-image-11666\" alt=\"\" srcset=\"https:\/\/www.secretrip.com\/wp-content\/uploads\/2024\/04\/secretrip-bateau-moteur-yacht-07.jpg 1000w, https:\/\/www.secretrip.com\/wp-content\/uploads\/2024\/04\/secretrip-bateau-moteur-yacht-07-300x171.jpg 300w, https:\/\/www.secretrip.com\/wp-content\/uploads\/2024\/04\/secretrip-bateau-moteur-yacht-07-768x438.jpg 768w, https:\/\/www.secretrip.com\/wp-content\/uploads\/2024\/04\/secretrip-bateau-moteur-yacht-07-18x10.jpg 18w\" sizes=\"(max-width: 800px) 100vw, 800px\">\t\t\t\t\t\t\t\t\t\t\t\t\t\t\t<\/div>\n\t\t\t\t<\/div>\n\t\t\t\t<div class=\"elementor-element elementor-element-e3ae6c1 elementor-widget elementor-widget-image\" data-id=\"e3ae6c1\" data-element_type=\"widget\" data-e-type=\"widget\" data-widget_type=\"image.default\">\n\t\t\t\t<div class=\"elementor-widget-container\">\n\t\t\t\t\t\t\t\t\t\t\t\t\t\t\t<img decoding=\"async\" width=\"800\" height=\"450\" src=\"https:\/\/www.secretrip.com\/wp-content\/uploads\/2023\/05\/2efa88e5-4e4a-4787-9b4f-30205b3d4341-1024x576.jpg\" class=\"attachment-large size-large wp-image-12133\" alt=\"\" srcset=\"https:\/\/www.secretrip.com\/wp-content\/uploads\/2023\/05\/2efa88e5-4e4a-4787-9b4f-30205b3d4341-1024x576.jpg 1024w, https:\/\/www.secretrip.com\/wp-content\/uploads\/2023\/05\/2efa88e5-4e4a-4787-9b4f-30205b3d4341-300x169.jpg 300w, https:\/\/www.secretrip.com\/wp-content\/uploads\/2023\/05\/2efa88e5-4e4a-4787-9b4f-30205b3d4341-768x432.jpg 768w, https:\/\/www.secretrip.com\/wp-content\/uploads\/2023\/05\/2efa88e5-4e4a-4787-9b4f-30205b3d4341-1536x864.jpg 1536w, https:\/\/www.secretrip.com\/wp-content\/uploads\/2023\/05\/2efa88e5-4e4a-4787-9b4f-30205b3d4341-18x10.jpg 18w, https:\/\/www.secretrip.com\/wp-content\/uploads\/2023\/05\/2efa88e5-4e4a-4787-9b4f-30205b3d4341.jpg 1600w\" sizes=\"(max-width: 800px) 100vw, 800px\">\t\t\t\t\t\t\t\t\t\t\t\t\t\t\t<\/div>\n\t\t\t\t<\/div>\n\t\t\t\t\t<\/div>\n\t\t\t\t<\/div>\n\t\t<div class=\"elementor-element elementor-element-9c78448 e-flex e-con-boxed e-con e-parent\" data-id=\"9c78448\" data-element_type=\"container\" data-e-type=\"container\">\n\t\t\t\t\t<div class=\"e-con-inner\">\n\t\t\t\t\t<\/div>\n\t\t\t\t<\/div>\n\t\t<div class=\"elementor-element elementor-element-4b14f7b e-flex e-con-boxed e-con e-parent\" data-id=\"4b14f7b\" data-element_type=\"container\" data-e-type=\"container\">\n\t\t\t\t\t<div class=\"e-con-inner\">\n\t\t<div class=\"elementor-element elementor-element-e03085d e-con-full e-flex e-con e-child\" data-id=\"e03085d\" data-element_type=\"container\" data-e-type=\"container\">\n\t\t<div class=\"elementor-element elementor-element-7e2789f e-con-full e-flex e-con e-child\" data-id=\"7e2789f\" data-element_type=\"container\" data-e-type=\"container\">\n\t\t\t\t<div class=\"elementor-element elementor-element-514a3ae elementor-widget elementor-widget-heading\" data-id=\"514a3ae\" data-element_type=\"widget\" data-e-type=\"widget\" data-widget_type=\"heading.default\">\n\t\t\t\t<div class=\"elementor-widget-container\">\n\t\t\t\t\t<h2 class=\"elementor-heading-title elementor-size-default\"><span style=\", sans-serif;font-size: 36px;text-align: right\">FJORD 52<\/span><\/h2>\t\t\t\t<\/div>\n\t\t\t\t<\/div>\n\t\t\t\t<\/div>\n\t\t\t\t<div class=\"elementor-element elementor-element-9f4d673 elementor-widget elementor-widget-button\" data-id=\"9f4d673\" data-element_type=\"widget\" data-e-type=\"widget\" data-widget_type=\"button.default\">\n\t\t\t\t<div class=\"elementor-widget-container\">\n\t\t\t\t\t\t\t\t\t<div class=\"elementor-button-wrapper\">\n\t\t\t\t\t<a class=\"elementor-button elementor-button-link elementor-size-sm\" href=\"https:\/\/www.yacht-experience.com\" target=\"_blank\" rel=\"noopener\">\n\t\t\t\t\t\t<span class=\"elementor-button-content-wrapper\">\n\t\t\t\t\t\t\t\t\t<span class=\"elementor-button-text\">SITE YACHT EXPERIENCE<\/span>\n\t\t\t\t\t<\/span>\n\t\t\t\t\t<\/a>\n\t\t\t\t<\/div>\n\t\t\t\t\t\t\t\t<\/div>\n\t\t\t\t<\/div>\n\t\t<div class=\"elementor-element elementor-element-29c7f82 e-con-full e-flex e-con e-child\" data-id=\"29c7f82\" data-element_type=\"container\" data-e-type=\"container\">\n\t\t\t\t<div class=\"elementor-element elementor-element-33fde22 elementor-widget elementor-widget-text-editor\" data-id=\"33fde22\" data-element_type=\"widget\" data-e-type=\"widget\" data-widget_type=\"text-editor.default\">\n\t\t\t\t<div class=\"elementor-widget-container\">\n\t\t\t\t\t\t\t\t\t<div id=\"bgLayers_comp-m71nnsci1\" class=\"MW5IWV\" data-hook=\"bgLayers\" data-motion-part=\"BG_LAYER comp-m71nnsci1\"><p class=\"font_4 wixui-rich-text__text\"><strong><span class=\"wixui-rich-text__text\">Get ready to glide across the water in style and comfort aboard this exceptional yacht.<\/span><\/strong><\/p><div id=\"bgMedia_comp-m71nnsci1\" class=\"VgO9Yg\" data-motion-part=\"BG_MEDIA comp-m71nnsci1\">The Fjord 52 embodies the perfect blend of avant-garde design, exceptional performance and luxurious comfort. This powerful and refined motor yacht is designed for those seeking an incomparable sailing experience.<\/div><\/div><div class=\"\" data-mesh-id=\"comp-m71nnsci1inlineContent\" data-testid=\"inline-content\"><div data-mesh-id=\"comp-m71nnsci1inlineContent-gridContainer\" data-testid=\"mesh-container-content\"><div id=\"comp-m71np6ow\" class=\"HcOXKn c9GqVL QxJLC3 lq2cno YQcXTT comp-m71np6ow wixui-rich-text\" data-testid=\"richTextElement\" data-motion-enter=\"done\"><p class=\"font_8 wixui-rich-text__text\"><span class=\"wixui-rich-text__text\">With its modern silhouette and sleek lines, the Fjord 52 is a real eye-catcher, offering impressive marine performance.<\/span><\/p><\/div><\/div><\/div>\t\t\t\t\t\t\t\t<\/div>\n\t\t\t\t<\/div>\n\t\t\t\t<\/div>\n\t\t\t\t<\/div>\n\t\t\t\t\t<\/div>\n\t\t\t\t<\/div>\n\t\t<div class=\"elementor-element elementor-element-ca9b772 e-flex e-con-boxed e-con e-parent\" data-id=\"ca9b772\" data-element_type=\"container\" data-e-type=\"container\">\n\t\t\t\t\t<div class=\"e-con-inner\">\n\t\t\t\t\t<\/div>\n\t\t\t\t<\/div>\n\t\t<div class=\"elementor-element elementor-element-d0e14cf e-grid e-con-boxed e-con e-parent\" data-id=\"d0e14cf\" data-element_type=\"container\" data-e-type=\"container\">\n\t\t\t\t\t<div class=\"e-con-inner\">\n\t\t\t\t<div class=\"elementor-element elementor-element-f4ab045 elementor-widget__width-inherit elementor-widget elementor-widget-image\" data-id=\"f4ab045\" data-element_type=\"widget\" data-e-type=\"widget\" data-widget_type=\"image.default\">\n\t\t\t\t<div class=\"elementor-widget-container\">\n\t\t\t\t\t\t\t\t\t\t\t\t\t\t\t<img loading=\"lazy\" decoding=\"async\" width=\"1100\" height=\"733\" src=\"https:\/\/www.secretrip.com\/wp-content\/uploads\/2024\/03\/secretrip-yacht-fjord-52-clients-07.jpg\" class=\"attachment-2048x2048 size-2048x2048 wp-image-9074\" alt=\"\" srcset=\"https:\/\/www.secretrip.com\/wp-content\/uploads\/2024\/03\/secretrip-yacht-fjord-52-clients-07.jpg 1100w, https:\/\/www.secretrip.com\/wp-content\/uploads\/2024\/03\/secretrip-yacht-fjord-52-clients-07-300x200.jpg 300w, https:\/\/www.secretrip.com\/wp-content\/uploads\/2024\/03\/secretrip-yacht-fjord-52-clients-07-1024x682.jpg 1024w, https:\/\/www.secretrip.com\/wp-content\/uploads\/2024\/03\/secretrip-yacht-fjord-52-clients-07-768x512.jpg 768w, https:\/\/www.secretrip.com\/wp-content\/uploads\/2024\/03\/secretrip-yacht-fjord-52-clients-07-18x12.jpg 18w\" sizes=\"(max-width: 1100px) 100vw, 1100px\">\t\t\t\t\t\t\t\t\t\t\t\t\t\t\t<\/div>\n\t\t\t\t<\/div>\n\t\t\t\t<div class=\"elementor-element elementor-element-44dd0a3 elementor-widget__width-inherit elementor-widget elementor-widget-image\" data-id=\"44dd0a3\" data-element_type=\"widget\" data-e-type=\"widget\" data-widget_type=\"image.default\">\n\t\t\t\t<div class=\"elementor-widget-container\">\n\t\t\t\t\t\t\t\t\t\t\t\t\t\t\t<img loading=\"lazy\" decoding=\"async\" width=\"700\" height=\"400\" src=\"https:\/\/www.secretrip.com\/wp-content\/uploads\/2024\/03\/header-1360-400-1-1-700x400.jpg\" class=\"attachment-tp-image-grid size-tp-image-grid wp-image-8943\" alt=\"\" srcset=\"https:\/\/www.secretrip.com\/wp-content\/uploads\/2024\/03\/header-1360-400-1-1-700x400.jpg 700w, https:\/\/www.secretrip.com\/wp-content\/uploads\/2024\/03\/elementor\/thumbs\/header-1360-400-1-1-qw15souxh7jabiy5gyun7894cqssuqtn58t391ff8y.jpg 7w\" sizes=\"(max-width: 700px) 100vw, 700px\">\t\t\t\t\t\t\t\t\t\t\t\t\t\t\t<\/div>\n\t\t\t\t<\/div>\n\t\t\t\t<div class=\"elementor-element elementor-element-5fa8f7a elementor-widget elementor-widget-image\" data-id=\"5fa8f7a\" data-element_type=\"widget\" data-e-type=\"widget\" data-widget_type=\"image.default\">\n\t\t\t\t<div class=\"elementor-widget-container\">\n\t\t\t\t\t\t\t\t\t\t\t\t\t\t\t<img loading=\"lazy\" decoding=\"async\" width=\"1100\" height=\"733\" src=\"https:\/\/www.secretrip.com\/wp-content\/uploads\/2024\/03\/secretrip-yacht-fjord-52-clients-08.jpg\" class=\"attachment-full size-full wp-image-9075\" alt=\"\" srcset=\"https:\/\/www.secretrip.com\/wp-content\/uploads\/2024\/03\/secretrip-yacht-fjord-52-clients-08.jpg 1100w, https:\/\/www.secretrip.com\/wp-content\/uploads\/2024\/03\/secretrip-yacht-fjord-52-clients-08-300x200.jpg 300w, https:\/\/www.secretrip.com\/wp-content\/uploads\/2024\/03\/secretrip-yacht-fjord-52-clients-08-1024x682.jpg 1024w, https:\/\/www.secretrip.com\/wp-content\/uploads\/2024\/03\/secretrip-yacht-fjord-52-clients-08-768x512.jpg 768w, https:\/\/www.secretrip.com\/wp-content\/uploads\/2024\/03\/secretrip-yacht-fjord-52-clients-08-18x12.jpg 18w\" sizes=\"(max-width: 1100px) 100vw, 1100px\">\t\t\t\t\t\t\t\t\t\t\t\t\t\t\t<\/div>\n\t\t\t\t<\/div>\n\t\t\t\t\t<\/div>\n\t\t\t\t<\/div>\n\t\t<div class=\"elementor-element elementor-element-78f6c2d e-flex e-con-boxed e-con e-parent\" data-id=\"78f6c2d\" data-element_type=\"container\" data-e-type=\"container\">\n\t\t\t\t\t<div class=\"e-con-inner\">\n\t\t\t\t\t<\/div>\n\t\t\t\t<\/div>\n\t\t<div class=\"elementor-element elementor-element-9c89011 e-flex e-con-boxed e-con e-parent\" data-id=\"9c89011\" data-element_type=\"container\" data-e-type=\"container\">\n\t\t\t\t\t<div class=\"e-con-inner\">\n\t\t<div class=\"elementor-element elementor-element-6e6bac6 e-con-full e-flex e-con e-child\" data-id=\"6e6bac6\" data-element_type=\"container\" data-e-type=\"container\">\n\t\t<div class=\"elementor-element elementor-element-c2fca06 e-con-full e-flex e-con e-child\" data-id=\"c2fca06\" data-element_type=\"container\" data-e-type=\"container\">\n\t\t\t\t<div class=\"elementor-element elementor-element-c286d3b elementor-widget elementor-widget-heading\" data-id=\"c286d3b\" data-element_type=\"widget\" data-e-type=\"widget\" data-widget_type=\"heading.default\">\n\t\t\t\t<div class=\"elementor-widget-container\">\n\t\t\t\t\t<h2 class=\"elementor-heading-title elementor-size-default\"><span style=\", sans-serif;font-size: 36px;text-align: right\">CATAMARAN LAGOON 450<\/span><\/h2>\t\t\t\t<\/div>\n\t\t\t\t<\/div>\n\t\t\t\t<\/div>\n\t\t<div class=\"elementor-element elementor-element-b44adac e-con-full e-flex e-con e-child\" data-id=\"b44adac\" data-element_type=\"container\" data-e-type=\"container\">\n\t\t\t\t<div class=\"elementor-element elementor-element-3a1aec9 elementor-widget elementor-widget-text-editor\" data-id=\"3a1aec9\" data-element_type=\"widget\" data-e-type=\"widget\" data-widget_type=\"text-editor.default\">\n\t\t\t\t<div class=\"elementor-widget-container\">\n\t\t\t\t\t\t\t\t\t<p>Le <strong data-start=\"3\" data-end=\"17\">Lagoon 450<\/strong> is a modern sailing catamaran designed to offer you an unrivalled sailing experience, combining performance, comfort and luxury. This model from the famous Lagoon brand stands out for its elegant lines and innovative architecture, offering generous space and optimum manoeuvrability at sea.<\/p>\t\t\t\t\t\t\t\t<\/div>\n\t\t\t\t<\/div>\n\t\t\t\t<\/div>\n\t\t\t\t<\/div>\n\t\t\t\t\t<\/div>\n\t\t\t\t<\/div>\n\t\t<div class=\"elementor-element elementor-element-758fd54 e-grid e-con-boxed e-con e-parent\" data-id=\"758fd54\" data-element_type=\"container\" data-e-type=\"container\">\n\t\t\t\t\t<div class=\"e-con-inner\">\n\t\t\t\t<div class=\"elementor-element elementor-element-befee42 elementor-widget elementor-widget-image\" data-id=\"befee42\" data-element_type=\"widget\" data-e-type=\"widget\" data-widget_type=\"image.default\">\n\t\t\t\t<div class=\"elementor-widget-container\">\n\t\t\t\t\t\t\t\t\t\t\t\t\t\t\t<img loading=\"lazy\" decoding=\"async\" width=\"1326\" height=\"1080\" src=\"https:\/\/www.secretrip.com\/wp-content\/uploads\/2025\/03\/cata-1.png\" class=\"attachment-full size-full wp-image-13044\" alt=\"\" srcset=\"https:\/\/www.secretrip.com\/wp-content\/uploads\/2025\/03\/cata-1.png 1326w, https:\/\/www.secretrip.com\/wp-content\/uploads\/2025\/03\/cata-1-300x244.png 300w, https:\/\/www.secretrip.com\/wp-content\/uploads\/2025\/03\/cata-1-1024x834.png 1024w, https:\/\/www.secretrip.com\/wp-content\/uploads\/2025\/03\/cata-1-768x626.png 768w, https:\/\/www.secretrip.com\/wp-content\/uploads\/2025\/03\/cata-1-15x12.png 15w\" sizes=\"(max-width: 1326px) 100vw, 1326px\">\t\t\t\t\t\t\t\t\t\t\t\t\t\t\t<\/div>\n\t\t\t\t<\/div>\n\t\t\t\t<div class=\"elementor-element elementor-element-3430158 elementor-widget elementor-widget-image\" data-id=\"3430158\" data-element_type=\"widget\" data-e-type=\"widget\" data-widget_type=\"image.default\">\n\t\t\t\t<div class=\"elementor-widget-container\">\n\t\t\t\t\t\t\t\t\t\t\t\t\t\t\t<img loading=\"lazy\" decoding=\"async\" width=\"700\" height=\"700\" src=\"https:\/\/www.secretrip.com\/wp-content\/uploads\/2025\/03\/int_MG_9000_A3-1-700x700.jpg\" class=\"attachment-tp-image-grid size-tp-image-grid wp-image-13067\" alt=\"\" srcset=\"https:\/\/www.secretrip.com\/wp-content\/uploads\/2025\/03\/int_MG_9000_A3-1-700x700.jpg 700w, https:\/\/www.secretrip.com\/wp-content\/uploads\/2025\/03\/int_MG_9000_A3-1-150x150.jpg 150w\" sizes=\"(max-width: 700px) 100vw, 700px\">\t\t\t\t\t\t\t\t\t\t\t\t\t\t\t<\/div>\n\t\t\t\t<\/div>\n\t\t\t\t<div class=\"elementor-element elementor-element-0d7c6bf elementor-widget elementor-widget-image\" data-id=\"0d7c6bf\" data-element_type=\"widget\" data-e-type=\"widget\" data-widget_type=\"image.default\">\n\t\t\t\t<div class=\"elementor-widget-container\">\n\t\t\t\t\t\t\t\t\t\t\t\t\t\t\t<img loading=\"lazy\" decoding=\"async\" width=\"700\" height=\"570\" src=\"https:\/\/www.secretrip.com\/wp-content\/uploads\/2024\/04\/secretrip-bateau-voile-kite-surf-06-700x570.jpg\" class=\"attachment-tp-image-grid size-tp-image-grid wp-image-11813\" alt=\"\">\t\t\t\t\t\t\t\t\t\t\t\t\t\t\t<\/div>\n\t\t\t\t<\/div>\n\t\t\t\t\t<\/div>\n\t\t\t\t<\/div>\n\t\t\t\t<\/div>","protected":false},"excerpt":{"rendered":"<p>NOS BATEAUX CLUBMAN 28 MANAVA Nos semi-rigides mod\u00e8le Clubman 28 de la marque Joker Boat vous promettent un confort de navigation exceptionnel et une qualit\u00e9 d&rsquo;am\u00e9nagement int\u00e9rieur : Deux spacieux solariums qui peuvent se transformer en espace repas pour 10 personnes. Un taud de soleil vous apportera une ombre bienvenue aux heures les plus chaudes [&hellip;]<\/p>\n","protected":false},"author":6,"featured_media":0,"parent":0,"menu_order":0,"comment_status":"closed","ping_status":"closed","template":"","meta":{"_acf_changed":false,"footnotes":""},"folder":[115],"class_list":["post-13042","page","type-page","status-publish","hentry"],"acf":[],"_links":{"self":[{"href":"https:\/\/www.secretrip.com\/en\/wp-json\/wp\/v2\/pages\/13042","targetHints":{"allow":["GET"]}}],"collection":[{"href":"https:\/\/www.secretrip.com\/en\/wp-json\/wp\/v2\/pages"}],"about":[{"href":"https:\/\/www.secretrip.com\/en\/wp-json\/wp\/v2\/types\/page"}],"author":[{"embeddable":true,"href":"https:\/\/www.secretrip.com\/en\/wp-json\/wp\/v2\/users\/6"}],"replies":[{"embeddable":true,"href":"https:\/\/www.secretrip.com\/en\/wp-json\/wp\/v2\/comments?post=13042"}],"version-history":[{"count":1,"href":"https:\/\/www.secretrip.com\/en\/wp-json\/wp\/v2\/pages\/13042\/revisions"}],"predecessor-version":[{"id":13312,"href":"https:\/\/www.secretrip.com\/en\/wp-json\/wp\/v2\/pages\/13042\/revisions\/13312"}],"wp:attachment":[{"href":"https:\/\/www.secretrip.com\/en\/wp-json\/wp\/v2\/media?parent=13042"}],"wp:term":[{"taxonomy":"folder","embeddable":true,"href":"https:\/\/www.secretrip.com\/en\/wp-json\/wp\/v2\/folder?post=13042"}],"curies":[{"name":"wp","href":"https:\/\/api.w.org\/{rel}","templated":true}]}}